{"id":1891,"date":"2019-04-08T16:36:56","date_gmt":"2019-04-08T16:36:56","guid":{"rendered":"https:\/\/nenuphar.pt\/?post_type=product&#038;p=1891"},"modified":"2022-09-26T12:28:48","modified_gmt":"2022-09-26T12:28:48","slug":"dbullon-creme-g-3-colagenio-com-vitaminas-a-c-e-e-50ml","status":"publish","type":"product","link":"https:\/\/nenuphar.pro\/loja\/shop\/dbullon-creme-g-3-colagenio-com-vitaminas-a-c-e-e-50ml\/","title":{"rendered":"D&#8217;Bull\u00f3n Creme G-3 Colag\u00e9nio com Vitaminas A, C e E 50ml"},"content":{"rendered":"<blockquote><p><strong>Para a cara, pesco\u00e7o e decote em embalagem de 50ml.<\/strong><\/p>\n<p><strong>Para que serve?<\/strong><\/p>\n<p><strong>Para fornecer \u00e0 pele amino\u00e1cidos de colag\u00e9nio e vitaminas para manter as fun\u00e7\u00f5es vitais.<\/strong><\/p>\n<p><strong>Modo de Aplicar<\/strong><\/p>\n<p><strong>Sobre a pele limpa, aplicar no rosto e no pesco\u00e7o, fazendo uma massagem suave de forma circular e ascendente com a ponta dos dedos.<\/strong><\/p><\/blockquote>\n","protected":false},"excerpt":{"rendered":"<p>Creme de alta concentra\u00e7\u00e9ao de colag\u00e9nio, principal elemento estrutural da pele.<\/p>\n<p>Al\u00e9m do mais, esta proteina consegue aumentar notavelmente a capacidade de reten\u00e7\u00e3o\u00a0 de \u00e1gua pela epiderme, proporcionando-lhe uma extraordin\u00e1ria elasticidade.<\/p>\n<p>As propriedades nutrientes deste creme s\u00e3o refor\u00e7adas pelo conteudo em vitaminas A, C e E.<\/p>\n<p>&nbsp;<\/p>\n","protected":false},"featured_media":1893,"comment_status":"open","ping_status":"closed","template":"","meta":[],"product_brand":[],"product_cat":[15,43],"product_tag":[54],"class_list":{"0":"post-1891","1":"product","2":"type-product","3":"status-publish","4":"has-post-thumbnail","6":"product_cat-facial","7":"product_cat-reparacao","8":"product_tag-colagenio","10":"first","11":"instock","12":"shipping-taxable","13":"purchasable","14":"product-type-simple"},"_links":{"self":[{"href":"https:\/\/nenuphar.pro\/loja\/wp-json\/wp\/v2\/product\/1891","targetHints":{"allow":["GET"]}}],"collection":[{"href":"https:\/\/nenuphar.pro\/loja\/wp-json\/wp\/v2\/product"}],"about":[{"href":"https:\/\/nenuphar.pro\/loja\/wp-json\/wp\/v2\/types\/product"}],"replies":[{"embeddable":true,"href":"https:\/\/nenuphar.pro\/loja\/wp-json\/wp\/v2\/comments?post=1891"}],"wp:featuredmedia":[{"embeddable":true,"href":"https:\/\/nenuphar.pro\/loja\/wp-json\/wp\/v2\/media\/1893"}],"wp:attachment":[{"href":"https:\/\/nenuphar.pro\/loja\/wp-json\/wp\/v2\/media?parent=1891"}],"wp:term":[{"taxonomy":"product_brand","embeddable":true,"href":"https:\/\/nenuphar.pro\/loja\/wp-json\/wp\/v2\/product_brand?post=1891"},{"taxonomy":"product_cat","embeddable":true,"href":"https:\/\/nenuphar.pro\/loja\/wp-json\/wp\/v2\/product_cat?post=1891"},{"taxonomy":"product_tag","embeddable":true,"href":"https:\/\/nenuphar.pro\/loja\/wp-json\/wp\/v2\/product_tag?post=1891"}],"curies":[{"name":"wp","href":"https:\/\/api.w.org\/{rel}","templated":true}]}}